{"id":6,"date":"2018-11-28T18:19:49","date_gmt":"2018-11-28T17:19:49","guid":{"rendered":"https:\/\/elos-aus-dem-rurtal.de\/?page_id=6"},"modified":"2021-12-13T06:09:22","modified_gmt":"2021-12-13T05:09:22","slug":"zuhause","status":"publish","type":"page","link":"https:\/\/elos-aus-dem-rurtal.de\/","title":{"rendered":"Zuhause"},"content":{"rendered":"<p><!--\n\n\n<pre style=\"text-align: left;\"><span style=\"color: #ff0000;\"><strong>Liebe Elo-Interessentin,<\/strong><\/span>\r\n<span style=\"color: #ff0000;\"><strong>Lieber Elo-Interessent,<\/strong><\/span>\r\n\r\n<span style=\"color: #ff0000;\"><strong>bitte seht davon ab euch bei uns wegen eines Welpen aus dem C-Wurf zu melden. Wir haben z.Z. mehr Interessenten als Welpen die bei einem normalen Wurf zu erwarten sind.<\/strong><\/span>\r\n\r\n<span style=\"color: #ff0000;\"><strong>Sobald sich die Situation \u00e4ndert, werden wir diese Meldung wieder entfernen.<\/strong><\/span>\r\n\r\n<span style=\"color: #ff0000;\"><strong>Danke f\u00fcr euer Verst\u00e4ndnis.<\/strong><\/span><\/pre>\n\n\n\n\n\n<hr>\n\n\n--><br \/>\n&nbsp;<\/p>\n<p>In unserer kleinen Hobbyzuchtst\u00e4tte teilen wir Haus und Garten mit unserer Zuchth\u00fcndin Maya und ihrer Tochter Addi.<br \/>\nUnsere Welpen werden in liebevoller h\u00e4uslicher Umgebung gro\u00df gezogen. Dabei legen wir gro\u00dfen Wert auf Pr\u00e4gung und Sozialisierung unserer kleinen Fellnasen. Dies erreichen wir durch engen Kontakt und intensive Besch\u00e4ftigung mit den Welpen. Somit lernen die Kleinen schnell verschiedene Ger\u00e4usche wie Staubsauger, K\u00fcchenmaschine und viele weitere Dinge des Alltags gelassen hinzunehmen. So auf&#8217;s Abenteuer Leben vorbereitet, k\u00f6nnen sie dann bei ihren neuen Familien einziehen.<\/p>\n<p>&nbsp;<\/p>\n<p>Der ELO<sup>\u00ae<\/sup> ist ein freundlicher, ausgeglichener, robuster und treuer Familienhund, der meist wenig Jagdtrieb aufweist. Weitere Informationen zum ELO<sup>\u00ae<\/sup> finden Sie auf der offiziellen Homepage der <a href=\"https:\/\/ezfg.de\" target=\"_blank\" rel=\"noopener noreferrer\"><strong><br \/>\n<b>E<\/b>lo<sup>\u00ae<\/sup> <b>Z<\/b>ucht- und <b>F<\/b>orschungsgemeinschaft EZFG e.V.<\/strong><\/a><br \/>\nIn der wir selbstverst\u00e4ndlich Mitglied sind.<\/p>\n<p><a href=\"https:\/\/ezfg.de\" target=\"_blank\" rel=\"noopener noreferrer\"><img decoding=\"async\" class=\"aligncenter wp-image-140 size-full\" src=\"https:\/\/elos-aus-dem-rurtal.de\/wp-content\/uploads\/2018\/12\/banner_farbe_unten.png\" alt=\"\" width=\"220\" height=\"200\"> <\/a><\/p>\n<p>&nbsp;<\/p>\n<p>Lernen Sie den Elo<sup>\u00ae<\/sup> besser kennen.<\/p>\n<p><iframe class=\"aligncenter\" src=\"https:\/\/www.youtube.com\/embed\/4PlFaz7bgNE\" allowfullscreen=\"allowfullscreen\" width=\"560\" height=\"315\" frameborder=\"0\" align=\"middle\"><\/iframe><\/p>\n<p>Quelle: <a href=\"https:\/\/www.youtube.com\/watch?time_continue=1&amp;v=4PlFaz7bgNE\" target=\"_blank\" rel=\"noopener noreferrer\">YouTube: Familienhund Elo &#8211; Portr\u00e4t der Hunderasse<\/a><br \/>\nEin Film von Michaela Hilburger.<\/p>\n","protected":false},"excerpt":{"rendered":"<p>&nbsp; In unserer kleinen Hobbyzuchtst\u00e4tte teilen wir Haus und Garten mit unserer Zuchth\u00fcndin Maya und ihrer Tochter Addi. Unsere Welpen werden in liebevoller h\u00e4uslicher Umgebung gro\u00df gezogen. Dabei legen wir gro\u00dfen Wert auf Pr\u00e4gung und Sozialisierung unserer kleinen Fellnasen. Dies erreichen wir durch engen Kontakt und intensive Besch\u00e4ftigung mit den Welpen. Somit lernen die Kleinen schnell verschiedene Ger\u00e4usche wie Staubsauger, K\u00fcchenmaschine und viele weitere Dinge des Alltags gelassen hinzunehmen. So auf&#8217;s Abenteuer Leben vorbereitet, k\u00f6nnen sie dann bei ihren neuen Familien einziehen. &nbsp; Der ELO\u00ae ist ein freundlicher, ausgeglichener, robuster und treuer Familienhund, der meist wenig Jagdtrieb aufweist. Weitere Informationen zum ELO\u00ae finden Sie auf der offiziellen Homepage der Elo\u00ae Zucht- und Forschungsgemeinschaft EZFG e.V. In der wir selbstverst\u00e4ndlich Mitglied sind. &nbsp; Lernen Sie den Elo\u00ae besser kennen. Quelle: YouTube: Familienhund Elo &#8211; Portr\u00e4t der Hunderasse Ein Film von Michaela Hilburger.<\/p>\n","protected":false},"author":1,"featured_media":0,"parent":0,"menu_order":0,"comment_status":"closed","ping_status":"closed","template":"","meta":{"ngg_post_thumbnail":0,"_themeisle_gutenberg_block_has_review":false,"footnotes":""},"class_list":["post-6","page","type-page","status-publish","hentry"],"_links":{"self":[{"href":"https:\/\/elos-aus-dem-rurtal.de\/index.php?rest_route=\/wp\/v2\/pages\/6","targetHints":{"allow":["GET"]}}],"collection":[{"href":"https:\/\/elos-aus-dem-rurtal.de\/index.php?rest_route=\/wp\/v2\/pages"}],"about":[{"href":"https:\/\/elos-aus-dem-rurtal.de\/index.php?rest_route=\/wp\/v2\/types\/page"}],"author":[{"embeddable":true,"href":"https:\/\/elos-aus-dem-rurtal.de\/index.php?rest_route=\/wp\/v2\/users\/1"}],"replies":[{"embeddable":true,"href":"https:\/\/elos-aus-dem-rurtal.de\/index.php?rest_route=%2Fwp%2Fv2%2Fcomments&post=6"}],"version-history":[{"count":41,"href":"https:\/\/elos-aus-dem-rurtal.de\/index.php?rest_route=\/wp\/v2\/pages\/6\/revisions"}],"predecessor-version":[{"id":2000,"href":"https:\/\/elos-aus-dem-rurtal.de\/index.php?rest_route=\/wp\/v2\/pages\/6\/revisions\/2000"}],"wp:attachment":[{"href":"https:\/\/elos-aus-dem-rurtal.de\/index.php?rest_route=%2Fwp%2Fv2%2Fmedia&parent=6"}],"curies":[{"name":"wp","href":"https:\/\/api.w.org\/{rel}","templated":true}]}}