{"id":18,"date":"2018-11-28T18:21:22","date_gmt":"2018-11-28T17:21:22","guid":{"rendered":"https:\/\/elos-aus-dem-rurtal.de\/?page_id=18"},"modified":"2018-12-16T19:49:00","modified_gmt":"2018-12-16T18:49:00","slug":"impressum","status":"publish","type":"page","link":"https:\/\/elos-aus-dem-rurtal.de\/?page_id=18","title":{"rendered":"Impressum"},"content":{"rendered":"<p><strong>Impressum<\/strong><br \/>\nElo<sup>&reg;<\/sup>s aus dem Rurtal<br \/>\nSigrid &#038; Hans-Josef Landmesser<br \/>\nJordanstrasse 3<br \/>\n52525 Heinsberg-Oberbruch<\/p>\n<p>Telefon: +4924526873227<br \/>\nE-Mail: Info@Elos-aus-dem-Rurtal.de<\/p>\n<p>Online-Streitbeilegung<br \/>\nIm Streitfall k\u00f6nnen Verbraucher die Online-Streitbeilegungsplattform der EU-Kommission unter http:\/\/ec.europa.eu\/consumers\/odr\/ zur L\u00f6sung von Konflikten verwenden.<\/p>\n<p>Wir nehmen an einem Streitbeilegungsverfahren vor einer Verbraucherschlichtungsstelle teil. F\u00fcr Anw\u00e4lte ist dies die Schlichtungsstelle der Rechtsanwaltschaft, Neue Gr\u00fcnstr. 17, 10179 Berlin, http:\/\/www.s-d-r.org.<\/p>\n<p>Impressum erstellt mit dem Impressumsgenerator von 123recht.de &#8211; Rechtsberatung online.<\/p>\n","protected":false},"excerpt":{"rendered":"<p>Impressum Elo&reg;s aus dem Rurtal Sigrid &#038; Hans-Josef Landmesser Jordanstrasse 3 52525 Heinsberg-Oberbruch Telefon: +4924526873227 E-Mail: Info@Elos-aus-dem-Rurtal.de Online-Streitbeilegung Im Streitfall k\u00f6nnen Verbraucher die Online-Streitbeilegungsplattform der EU-Kommission unter http:\/\/ec.europa.eu\/consumers\/odr\/ zur L\u00f6sung von Konflikten verwenden. Wir nehmen an einem Streitbeilegungsverfahren vor einer Verbraucherschlichtungsstelle teil. F\u00fcr Anw\u00e4lte ist dies die Schlichtungsstelle der Rechtsanwaltschaft, Neue Gr\u00fcnstr. 17, 10179 Berlin, http:\/\/www.s-d-r.org. Impressum erstellt mit dem Impressumsgenerator von 123recht.de &#8211; Rechtsberatung online.<\/p>\n","protected":false},"author":1,"featured_media":0,"parent":0,"menu_order":0,"comment_status":"closed","ping_status":"closed","template":"","meta":{"ngg_post_thumbnail":0,"_themeisle_gutenberg_block_has_review":false,"footnotes":""},"class_list":["post-18","page","type-page","status-publish","hentry"],"_links":{"self":[{"href":"https:\/\/elos-aus-dem-rurtal.de\/index.php?rest_route=\/wp\/v2\/pages\/18","targetHints":{"allow":["GET"]}}],"collection":[{"href":"https:\/\/elos-aus-dem-rurtal.de\/index.php?rest_route=\/wp\/v2\/pages"}],"about":[{"href":"https:\/\/elos-aus-dem-rurtal.de\/index.php?rest_route=\/wp\/v2\/types\/page"}],"author":[{"embeddable":true,"href":"https:\/\/elos-aus-dem-rurtal.de\/index.php?rest_route=\/wp\/v2\/users\/1"}],"replies":[{"embeddable":true,"href":"https:\/\/elos-aus-dem-rurtal.de\/index.php?rest_route=%2Fwp%2Fv2%2Fcomments&post=18"}],"version-history":[{"count":6,"href":"https:\/\/elos-aus-dem-rurtal.de\/index.php?rest_route=\/wp\/v2\/pages\/18\/revisions"}],"predecessor-version":[{"id":332,"href":"https:\/\/elos-aus-dem-rurtal.de\/index.php?rest_route=\/wp\/v2\/pages\/18\/revisions\/332"}],"wp:attachment":[{"href":"https:\/\/elos-aus-dem-rurtal.de\/index.php?rest_route=%2Fwp%2Fv2%2Fmedia&parent=18"}],"curies":[{"name":"wp","href":"https:\/\/api.w.org\/{rel}","templated":true}]}}