{"id":12,"date":"2018-11-28T18:20:41","date_gmt":"2018-11-28T17:20:41","guid":{"rendered":"https:\/\/elos-aus-dem-rurtal.de\/?page_id=12"},"modified":"2024-11-17T10:43:10","modified_gmt":"2024-11-17T09:43:10","slug":"wuerfe","status":"publish","type":"page","link":"https:\/\/elos-aus-dem-rurtal.de\/?page_id=12","title":{"rendered":"Wurfplanung"},"content":{"rendered":"<p>W\u00fcrfe in chronologischer Reihenfolge<\/p>\n<table cellspacing=\"2\" cellpadding=\"2\">\n<colgroup>\n<col width=\"150\">\n<col width=\"150\">\n<col width=\"150\">\n<col width=\"150\"> <\/colgroup>\n<tbody>\n<tr>\n<td><strong>Wurf<\/strong><\/td>\n<td><strong>Datum<\/strong><\/td>\n<td><strong>R\u00fcden<\/strong><\/td>\n<td><strong>H\u00fcndinnen<\/strong><\/td>\n<\/tr>\n<tr>\n<td><a href=\"https:\/\/elos-aus-dem-rurtal.de\/?page_id=14\"><b>A-Wurf<\/b><\/a><\/td>\n<td>22. Dez 2018<\/td>\n<td>3<\/td>\n<td>4<\/td>\n<\/tr>\n<tr>\n<td><a href=\"https:\/\/elos-aus-dem-rurtal.de\/?page_id=1259\"><b>B-Wurf<\/b><\/a><\/td>\n<td>1. Okt. 2020<\/td>\n<td>1<\/td>\n<td>5<\/td>\n<\/tr>\n<tr>\n<td><a href=\"https:\/\/elos-aus-dem-rurtal.de\/?page_id=1932\"><b>C-Wurf<\/b><\/a><\/td>\n<td>8. Dez. 2021<\/td>\n<td>4<\/td>\n<td>3<\/td>\n<\/tr>\n<\/tbody>\n<\/table>\n<p>Zur Zeit haben wir keine Zuchth\u00fcndin. Maya ist nach 20 Nachkommen und erreichter Altersgrenze aus der Zucht.<\/p>\n<p>Addi hat alle Voraussetzungen f\u00fcr die Zucht, nur leider kein Interesse. Aus diesem Grund werden wir auf absehbare Zeit keine W\u00fcrfe haben.<\/p>\n<p>Wir planen in der Zukunft eine neue H\u00fcndin bei uns aufzunehmen, mit der wir dann die Zucht fortsetzen.<\/p>\n","protected":false},"excerpt":{"rendered":"<p>W\u00fcrfe in chronologischer Reihenfolge Wurf Datum R\u00fcden H\u00fcndinnen A-Wurf 22. Dez 2018 3 4 B-Wurf 1. Okt. 2020 1 5 C-Wurf 8. Dez. 2021 4 3 Zur Zeit haben wir keine Zuchth\u00fcndin. Maya ist nach 20 Nachkommen und erreichter Altersgrenze aus der Zucht. Addi hat alle Voraussetzungen f\u00fcr die Zucht, nur leider kein Interesse. Aus diesem Grund werden wir auf absehbare Zeit keine W\u00fcrfe haben. Wir planen in der Zukunft eine neue H\u00fcndin bei uns aufzunehmen, mit der wir dann die Zucht fortsetzen.<\/p>\n","protected":false},"author":1,"featured_media":0,"parent":0,"menu_order":20,"comment_status":"closed","ping_status":"closed","template":"","meta":{"ngg_post_thumbnail":0,"_themeisle_gutenberg_block_has_review":false,"footnotes":""},"class_list":["post-12","page","type-page","status-publish","hentry"],"_links":{"self":[{"href":"https:\/\/elos-aus-dem-rurtal.de\/index.php?rest_route=\/wp\/v2\/pages\/12","targetHints":{"allow":["GET"]}}],"collection":[{"href":"https:\/\/elos-aus-dem-rurtal.de\/index.php?rest_route=\/wp\/v2\/pages"}],"about":[{"href":"https:\/\/elos-aus-dem-rurtal.de\/index.php?rest_route=\/wp\/v2\/types\/page"}],"author":[{"embeddable":true,"href":"https:\/\/elos-aus-dem-rurtal.de\/index.php?rest_route=\/wp\/v2\/users\/1"}],"replies":[{"embeddable":true,"href":"https:\/\/elos-aus-dem-rurtal.de\/index.php?rest_route=%2Fwp%2Fv2%2Fcomments&post=12"}],"version-history":[{"count":19,"href":"https:\/\/elos-aus-dem-rurtal.de\/index.php?rest_route=\/wp\/v2\/pages\/12\/revisions"}],"predecessor-version":[{"id":2281,"href":"https:\/\/elos-aus-dem-rurtal.de\/index.php?rest_route=\/wp\/v2\/pages\/12\/revisions\/2281"}],"wp:attachment":[{"href":"https:\/\/elos-aus-dem-rurtal.de\/index.php?rest_route=%2Fwp%2Fv2%2Fmedia&parent=12"}],"curies":[{"name":"wp","href":"https:\/\/api.w.org\/{rel}","templated":true}]}}